{"id":8731,"date":"2021-11-12T11:41:28","date_gmt":"2021-11-12T11:41:28","guid":{"rendered":"https:\/\/bruineoceane.ca\/header\/"},"modified":"2022-08-03T14:00:40","modified_gmt":"2022-08-03T14:00:40","slug":"header","status":"publish","type":"page","link":"https:\/\/bruineoceane.ca\/en\/header\/","title":{"rendered":"Header"},"content":{"rendered":"\t\t<div data-elementor-type=\"wp-page\" data-elementor-id=\"8731\" class=\"elementor elementor-8731 elementor-46\">\n\t\t\t\t\t\t\t\t\t<section class=\"elementor-section elementor-top-section elementor-element elementor-element-67c685a2 elementor-section-full_width elementor-section-content-middle elementor-section-stretched elementor-hidden-tablet elementor-hidden-phone elementor-section-height-default elementor-section-height-default elementor-invisible\" data-id=\"67c685a2\" data-element_type=\"section\" id=\"topheader\" data-settings=\"{&quot;stretch_section&quot;:&quot;section-stretched&quot;,&quot;background_background&quot;:&quot;classic&quot;,&quot;animation&quot;:&quot;fadeIn&quot;}\">\n\t\t\t\t\t\t\t<div class=\"elementor-background-overlay\"><\/div>\n\t\t\t\t\t\t\t<div class=\"elementor-container elementor-column-gap-default\">\n\t\t\t\t\t<div class=\"elementor-column elementor-col-33 elementor-top-column elementor-element elementor-element-4ca8adc8\" data-id=\"4ca8adc8\" data-element_type=\"column\">\n\t\t\t<div class=\"elementor-widget-wrap elementor-element-populated\">\n\t\t\t\t\t\t\t\t<div class=\"elementor-element elementor-element-425a56ae elementor-tablet-align-center elementor-icon-list--layout-inline elementor-align-left elementor-mobile-align-center elementor-list-item-link-full_width elementor-widget elementor-widget-icon-list\" data-id=\"425a56ae\" data-element_type=\"widget\" data-widget_type=\"icon-list.default\">\n\t\t\t\t<div class=\"elementor-widget-container\">\n\t\t\t<link rel=\"stylesheet\" href=\"https:\/\/bruineoceane.ca\/wp-content\/plugins\/elementor\/assets\/css\/widget-icon-list.min.css\">\t\t<ul class=\"elementor-icon-list-items elementor-inline-items\">\n\t\t\t\t\t\t\t<li class=\"elementor-icon-list-item elementor-inline-item\">\n\t\t\t\t\t\t\t\t\t\t\t<a href=\"mailto:info@bruineoceane.ca\" target=\"_blank\">\n\n\t\t\t\t\t\t\t\t\t\t\t\t<span class=\"elementor-icon-list-icon\">\n\t\t\t\t\t\t\t<i aria-hidden=\"true\" class=\"far fa-envelope\"><\/i>\t\t\t\t\t\t<\/span>\n\t\t\t\t\t\t\t\t\t\t<span class=\"elementor-icon-list-text\">info@bruineoceane.ca<\/span>\n\t\t\t\t\t\t\t\t\t\t\t<\/a>\n\t\t\t\t\t\t\t\t\t<\/li>\n\t\t\t\t\t\t\t\t<li class=\"elementor-icon-list-item elementor-inline-item\">\n\t\t\t\t\t\t\t\t\t\t\t<span class=\"elementor-icon-list-icon\">\n\t\t\t\t\t\t\t<i aria-hidden=\"true\" class=\"fas fa-phone-volume\"><\/i>\t\t\t\t\t\t<\/span>\n\t\t\t\t\t\t\t\t\t\t<span class=\"elementor-icon-list-text\">418 560-6836<\/span>\n\t\t\t\t\t\t\t\t\t<\/li>\n\t\t\t\t\t\t<\/ul>\n\t\t\t\t<\/div>\n\t\t\t\t<\/div>\n\t\t\t\t\t<\/div>\n\t\t<\/div>\n\t\t\t\t<div class=\"elementor-column elementor-col-33 elementor-top-column elementor-element elementor-element-41cbf078 elementor-hidden-phone\" data-id=\"41cbf078\" data-element_type=\"column\">\n\t\t\t<div class=\"elementor-widget-wrap elementor-element-populated\">\n\t\t\t\t\t\t\t\t<div class=\"elementor-element elementor-element-7d39674d elementor-widget elementor-widget-marquee\" data-id=\"7d39674d\" data-element_type=\"widget\" data-widget_type=\"marquee.default\">\n\t\t\t\t<div class=\"elementor-widget-container\">\n\t\t\t\n<div class=\"nd_elements_section nd_elements_marquee_component\">\n\n\t<marquee class=\"nd_elements_section\">\n        <span class=\"nd_elements_marquee_label nd_elements_display_inline_block\">TIC TAC!<\/span>\n        <span class=\"nd_elements_marquee_content\">R\u00e9server \u00e0 l'Auberge Bruine Oc\u00e9ane pour vivre une exp\u00e9rience unique pendant vos vacances estivales!<\/span>\n    <\/marquee>\n\t\n<\/div>\t\t<\/div>\n\t\t\t\t<\/div>\n\t\t\t\t\t<\/div>\n\t\t<\/div>\n\t\t\t\t<div class=\"elementor-column elementor-col-33 elementor-top-column elementor-element elementor-element-ee747f elementor-hidden-phone\" data-id=\"ee747f\" data-element_type=\"column\">\n\t\t\t<div class=\"elementor-widget-wrap elementor-element-populated\">\n\t\t\t\t\t\t\t\t<section class=\"elementor-section elementor-inner-section elementor-element elementor-element-efacff3 elementor-section-boxed elementor-section-height-default elementor-section-height-default\" data-id=\"efacff3\" data-element_type=\"section\">\n\t\t\t\t\t\t<div class=\"elementor-container elementor-column-gap-default\">\n\t\t\t\t\t<div class=\"elementor-column elementor-col-50 elementor-inner-column elementor-element elementor-element-cf715f5\" data-id=\"cf715f5\" data-element_type=\"column\">\n\t\t\t<div class=\"elementor-widget-wrap\">\n\t\t\t\t\t\t\t\t\t<\/div>\n\t\t<\/div>\n\t\t\t\t<div class=\"elementor-column elementor-col-50 elementor-inner-column elementor-element elementor-element-eb8533f\" data-id=\"eb8533f\" data-element_type=\"column\">\n\t\t\t<div class=\"elementor-widget-wrap elementor-element-populated\">\n\t\t\t\t\t\t\t\t<div class=\"elementor-element elementor-element-2ad631b elementor-widget elementor-widget-wpml-language-switcher\" data-id=\"2ad631b\" data-element_type=\"widget\" data-widget_type=\"wpml-language-switcher.default\">\n\t\t\t\t<div class=\"elementor-widget-container\">\n\t\t\t<div class=\"wpml-elementor-ls\">\n<div class=\"wpml-ls-statics-shortcode_actions wpml-ls wpml-ls-legacy-list-horizontal\">\n\t<ul><li class=\"wpml-ls-slot-shortcode_actions wpml-ls-item wpml-ls-item-en wpml-ls-current-language wpml-ls-first-item wpml-ls-item-legacy-list-horizontal\">\n\t\t\t\t<a href=\"https:\/\/bruineoceane.ca\/en\/\" class=\"wpml-ls-link\">\n                    <span class=\"wpml-ls-native\">English<\/span><\/a>\n\t\t\t<\/li><li class=\"wpml-ls-slot-shortcode_actions wpml-ls-item wpml-ls-item-fr wpml-ls-last-item wpml-ls-item-legacy-list-horizontal\">\n\t\t\t\t<a href=\"https:\/\/bruineoceane.ca\" class=\"wpml-ls-link\">\n                    <span class=\"wpml-ls-display\">French<\/span><\/a>\n\t\t\t<\/li><\/ul>\n<\/div>\n<\/div>\t\t<\/div>\n\t\t\t\t<\/div>\n\t\t\t\t\t<\/div>\n\t\t<\/div>\n\t\t\t\t\t\t\t<\/div>\n\t\t<\/section>\n\t\t\t\t\t<\/div>\n\t\t<\/div>\n\t\t\t\t\t\t\t<\/div>\n\t\t<\/section>\n\t\t\t\t<section class=\"elementor-section elementor-top-section elementor-element elementor-element-18a67637 elementor-section-full_width elementor-section-stretched elementor-section-height-default elementor-section-height-default elementor-invisible\" data-id=\"18a67637\" data-element_type=\"section\" data-settings=\"{&quot;stretch_section&quot;:&quot;section-stretched&quot;,&quot;background_background&quot;:&quot;gradient&quot;,&quot;animation&quot;:&quot;fadeInDown&quot;}\">\n\t\t\t\t\t\t<div class=\"elementor-container elementor-column-gap-no\">\n\t\t\t\t\t<div class=\"elementor-column elementor-col-100 elementor-top-column elementor-element elementor-element-719ad904\" data-id=\"719ad904\" data-element_type=\"column\">\n\t\t\t<div class=\"elementor-widget-wrap elementor-element-populated\">\n\t\t\t\t\t\t\t\t<div class=\"elementor-element elementor-element-43638b74 gradient-topheader  elementor-widget elementor-widget-spacer\" data-id=\"43638b74\" data-element_type=\"widget\" data-widget_type=\"spacer.default\">\n\t\t\t\t<div class=\"elementor-widget-container\">\n\t\t\t<style>\/*! elementor - v3.6.8 - 27-07-2022 *\/\n.e-container.e-container--row .elementor-spacer-inner{width:var(--spacer-size)}.e-container.e-container--column .elementor-spacer-inner,.elementor-column .elementor-spacer-inner{height:var(--spacer-size)}<\/style>\t\t<div class=\"elementor-spacer\">\n\t\t\t<div class=\"elementor-spacer-inner\"><\/div>\n\t\t<\/div>\n\t\t\t\t<\/div>\n\t\t\t\t<\/div>\n\t\t\t\t\t<\/div>\n\t\t<\/div>\n\t\t\t\t\t\t\t<\/div>\n\t\t<\/section>\n\t\t\t\t<section class=\"elementor-section elementor-top-section elementor-element elementor-element-214824ec elementor-section-stretched elementor-section-full_width elementor-section-content-middle elementor-section-height-default elementor-section-height-default elementor-invisible\" data-id=\"214824ec\" data-element_type=\"section\" id=\"nd_contact_navigation\" data-settings=\"{&quot;stretch_section&quot;:&quot;section-stretched&quot;,&quot;animation&quot;:&quot;fadeInDown&quot;,&quot;background_background&quot;:&quot;classic&quot;}\">\n\t\t\t\t\t\t<div class=\"elementor-container elementor-column-gap-default\">\n\t\t\t\t\t<div class=\"elementor-column elementor-col-33 elementor-top-column elementor-element elementor-element-3910c793\" data-id=\"3910c793\" data-element_type=\"column\">\n\t\t\t<div class=\"elementor-widget-wrap elementor-element-populated\">\n\t\t\t\t\t\t\t\t<div class=\"elementor-element elementor-element-723357f0 elementor-widget elementor-widget-image\" data-id=\"723357f0\" data-element_type=\"widget\" data-widget_type=\"image.default\">\n\t\t\t\t<div class=\"elementor-widget-container\">\n\t\t\t<style>\/*! elementor - v3.6.8 - 27-07-2022 *\/\n.elementor-widget-image{text-align:center}.elementor-widget-image a{display:inline-block}.elementor-widget-image a img[src$=\".svg\"]{width:48px}.elementor-widget-image img{vertical-align:middle;display:inline-block}<\/style>\t\t\t\t\t\t\t\t\t\t\t\t\t<a href=\"https:\/\/bruineoceane.ca\/en\/\">\n\t\t\t\t\t\t\t<img decoding=\"async\" src=\"https:\/\/bruineoceane.ca\/wp-content\/uploads\/2022\/04\/auberge-bruine-oceane-logo-renverse.png\" title=\"auberge-bruine-oceane-logo-renverse\" alt=\"Auberge Bruine Oc\u00e9ane - Logo renvers\u00e9\" \/>\t\t\t\t\t\t\t\t<\/a>\n\t\t\t\t\t\t\t\t\t\t\t\t\t\t\t<\/div>\n\t\t\t\t<\/div>\n\t\t\t\t\t<\/div>\n\t\t<\/div>\n\t\t\t\t<div class=\"elementor-column elementor-col-33 elementor-top-column elementor-element elementor-element-65ab3909\" data-id=\"65ab3909\" data-element_type=\"column\" id=\"main-menu\">\n\t\t\t<div class=\"elementor-widget-wrap elementor-element-populated\">\n\t\t\t\t\t\t\t\t<div class=\"elementor-element elementor-element-3018c240 elementor-widget elementor-widget-navigation\" data-id=\"3018c240\" data-element_type=\"widget\" data-widget_type=\"navigation.default\">\n\t\t\t\t<div class=\"elementor-widget-container\">\n\t\t\t\n\t\t<div class=\"nd_elements_section\">\n\t\t\t<div class=\"nd_elements_navigation_component\">\n\n\t\t\t\t<div class=\"menu-main-menu-container\"><ul id=\"menu-main-menu\" class=\"menu\"><li id=\"menu-item-8713\" class=\"menu-item menu-item-type-post_type menu-item-object-page menu-item-home menu-item-8713\"><a href=\"https:\/\/bruineoceane.ca\/auberge-bruine-oceane-luxe-et-confort-a-matane\/\">Home<\/a><\/li>\n<li id=\"menu-item-8721\" class=\"menu-item menu-item-type-post_type menu-item-object-page menu-item-8721\"><a href=\"https:\/\/bruineoceane.ca\/nos-chambres\/\">Our Rooms<\/a><\/li>\n<li id=\"menu-item-8717\" class=\"menu-item menu-item-type-post_type menu-item-object-page menu-item-8717\"><a href=\"https:\/\/bruineoceane.ca\/a-propos\/\">About Us<\/a><\/li>\n<li id=\"menu-item-8723\" class=\"menu-item menu-item-type-post_type menu-item-object-page menu-item-8723\"><a href=\"https:\/\/bruineoceane.ca\/activites\/\">Activities<\/a><\/li>\n<li id=\"menu-item-8727\" class=\"menu-item menu-item-type-post_type menu-item-object-page menu-item-8727\"><a href=\"https:\/\/bruineoceane.ca\/promotions\/\">Promotions<\/a><\/li>\n<li id=\"menu-item-8729\" class=\"menu-item menu-item-type-post_type menu-item-object-page menu-item-8729\"><a href=\"https:\/\/bruineoceane.ca\/nous-joindre\/\">Contact Us<\/a><\/li>\n<\/ul><\/div>\n\t\t\t\t\n\t\t\t\t<img decoding=\"async\" alt=\"open-navigation\" width=\"25\" class=\"nd_elements_open_navigation_sidebar_content\" src=\"https:\/\/bruineoceane.ca\/wp-content\/uploads\/2022\/01\/navigation-.white_.png\">\n\t\t\t\n\t\t\t<\/div>\n\t\t<\/div>\n\n\t\t<!--START menu responsive-->\n\t\t<div class=\"nd_elements_navigation_sidebar_content\">\n\n\t\t\t<img decoding=\"async\" alt=\"close-navigation\" width=\"25\" class=\"nd_elements_close_navigation_sidebar_content\" src=\"https:\/\/bruineoceane.ca\/wp-content\/plugins\/nd-elements\/widgets\/navigation\/img\/navigation-close.svg\">\n\n\t\t    <div class=\"nd_elements_navigation_sidebar\">\n\t\t        <div class=\"menu-main-menu-container\"><ul id=\"menu-main-menu-1\" class=\"menu\"><li class=\"menu-item menu-item-type-post_type menu-item-object-page menu-item-home menu-item-8713\"><a href=\"https:\/\/bruineoceane.ca\/auberge-bruine-oceane-luxe-et-confort-a-matane\/\">Home<\/a><\/li>\n<li class=\"menu-item menu-item-type-post_type menu-item-object-page menu-item-8721\"><a href=\"https:\/\/bruineoceane.ca\/nos-chambres\/\">Our Rooms<\/a><\/li>\n<li class=\"menu-item menu-item-type-post_type menu-item-object-page menu-item-8717\"><a href=\"https:\/\/bruineoceane.ca\/a-propos\/\">About Us<\/a><\/li>\n<li class=\"menu-item menu-item-type-post_type menu-item-object-page menu-item-8723\"><a href=\"https:\/\/bruineoceane.ca\/activites\/\">Activities<\/a><\/li>\n<li class=\"menu-item menu-item-type-post_type menu-item-object-page menu-item-8727\"><a href=\"https:\/\/bruineoceane.ca\/promotions\/\">Promotions<\/a><\/li>\n<li class=\"menu-item menu-item-type-post_type menu-item-object-page menu-item-8729\"><a href=\"https:\/\/bruineoceane.ca\/nous-joindre\/\">Contact Us<\/a><\/li>\n<\/ul><\/div>\n\t\t    <\/div>\n\n\t\t<\/div>\n\t\t<!--END menu responsive-->\n\t\t\t\t<\/div>\n\t\t\t\t<\/div>\n\t\t\t\t\t<\/div>\n\t\t<\/div>\n\t\t\t\t<div class=\"elementor-column elementor-col-33 elementor-top-column elementor-element elementor-element-1824499f elementor-hidden-tablet elementor-hidden-phone\" data-id=\"1824499f\" data-element_type=\"column\">\n\t\t\t<div class=\"elementor-widget-wrap elementor-element-populated\">\n\t\t\t\t\t\t\t\t<div class=\"elementor-element elementor-element-5550774d elementor-align-right elementor-tablet-align-center elementor-invisible elementor-widget elementor-widget-button\" data-id=\"5550774d\" data-element_type=\"widget\" data-settings=\"{&quot;_animation&quot;:&quot;bounceIn&quot;,&quot;_animation_delay&quot;:&quot;1000&quot;}\" data-widget_type=\"button.default\">\n\t\t\t\t<div class=\"elementor-widget-container\">\n\t\t\t\t\t<div class=\"elementor-button-wrapper\">\n\t\t\t<a href=\"https:\/\/secure.reservit.com\/fo\/booking\/58\/347536?specialMode=default&#038;langcode=FR&#038;custid=58&#038;_ga=GA1.3.662072098.1651082744&#038;hotelid=347536&#038;m=booking\" target=\"_blank\" class=\"elementor-button-link elementor-button elementor-size-sm\" role=\"button\">\n\t\t\t\t\t\t<span class=\"elementor-button-content-wrapper\">\n\t\t\t\t\t\t<span class=\"elementor-button-text\">BOOK NOW<\/span>\n\t\t<\/span>\n\t\t\t\t\t<\/a>\n\t\t<\/div>\n\t\t\t\t<\/div>\n\t\t\t\t<\/div>\n\t\t\t\t\t<\/div>\n\t\t<\/div>\n\t\t\t\t\t\t\t<\/div>\n\t\t<\/section>\n\t\t\t\t<section class=\"elementor-section elementor-top-section elementor-element elementor-element-2254898f elementor-section-boxed elementor-section-height-default elementor-section-height-default\" data-id=\"2254898f\" data-element_type=\"section\">\n\t\t\t\t\t\t<div class=\"elementor-container elementor-column-gap-default\">\n\t\t\t\t\t<div class=\"elementor-column elementor-col-100 elementor-top-column elementor-element elementor-element-367c3c69\" data-id=\"367c3c69\" data-element_type=\"column\">\n\t\t\t<div class=\"elementor-widget-wrap elementor-element-populated\">\n\t\t\t\t\t\t\t\t<div class=\"elementor-element elementor-element-d3c884b elementor-widget elementor-widget-customcss\" data-id=\"d3c884b\" data-element_type=\"widget\" data-widget_type=\"customcss.default\">\n\t\t\t\t<div class=\"elementor-widget-container\">\n\t\t\t<style type=\"text\/css\">\/*Single room : Header Image*\/\n#nd_booking_single_cpt_1_header_image {margin-top: -100px; }\n#nd_booking_single_cpt_1_header_image_space_top {height: 350px; }\n#nd_booking_single_cpt_1_header_image .nd_booking_bg_greydark_alpha_gradient_5 {\n\tbackground: rgb(45,45,45);\n\tbackground: linear-gradient(0deg, rgba(45,45,45,0.4458158263305322) 0%, rgba(45,45,45,0.2) 20%, rgba(45,45,45,0) 50%, rgba(45,45,45,0.2) 80%, rgba(45,45,45,0.45) 100%);}\n\/*Single branch : Header Image*\/\n#nd_booking_single_cpt_4_header_image \n{margin-top: -100px; }\n#nd_booking_single_cpt_4_header_image_space_top {height: 200px; }\n#nd_booking_single_cpt_4_header_image .nd_booking_bg_greydark_alpha_2 {background: rgb(45,45,45);\nbackground: linear-gradient(180deg, rgba(45,45,45,0.4458158263305322) 0%, rgba(45,45,45,0.2) 20%, rgba(45,45,45,0.2) 50%, rgba(45,45,45,0) 100%);}\n\/*Shop Archive*\/\n#nd_options_woocommerce_archives_header_img_layout_9{margin-top: -100px; }\n#nd_options_woo_archive_header_image_space_top{height: 220px; }\n\/*Single Product*\/\n#nd_options_woocommerce_header_img_layout_9{margin-top: -100px; }\n\/*Search*\/\n#nd_options_search_header_img_layout_9 {margin-top: -100px; }\n#nd_options_search_header_img_layout_9_space_top {height: 200px; }\n\/*Archive*\/\n#nd_options_archives_header_img_layout_9{margin-top: -100px; }\n#nd_options_archives_header_img_layout_9_space_top {height: 200px; }\n\/*404*\/\nbody.error404 #nd_contact_navigation {background-color:#373737;}\n<\/style>\t\t<\/div>\n\t\t\t\t<\/div>\n\t\t\t\t\t<\/div>\n\t\t<\/div>\n\t\t\t\t\t\t\t<\/div>\n\t\t<\/section>\n\t\t\t\t\t\t\t<\/div>\n\t\t","protected":false},"excerpt":{"rendered":"<p>info@bruineoceane.ca 418 560-6836 TIC TAC! R\u00e9server \u00e0 l&#8217;Auberge Bruine Oc\u00e9ane pour vivre une exp\u00e9rience unique pendant vos vacances estivales! Anglais Fran\u00e7ais Accueil Nos chambres \u00c0 propos Activit\u00e9s Promotions Nous joindre Accueil Nos chambres \u00c0 propos Activit\u00e9s Promotions Nous joindre BOOK NOW<\/p>\n","protected":false},"author":2,"featured_media":0,"parent":0,"menu_order":0,"comment_status":"closed","ping_status":"closed","template":"","meta":{"_monsterinsights_skip_tracking":false,"_monsterinsights_sitenote_active":false,"_monsterinsights_sitenote_note":"","_monsterinsights_sitenote_category":0},"yoast_head":"<!-- This site is optimized with the Yoast SEO plugin v19.4 - https:\/\/yoast.com\/wordpress\/plugins\/seo\/ -->\n<title>Header - Auberge Bruine Oc\u00e9ane<\/title>\n<meta name=\"robots\" content=\"index, follow, max-snippet:-1, max-image-preview:large, max-video-preview:-1\" \/>\n<link rel=\"canonical\" href=\"https:\/\/bruineoceane.ca\/en\/header\/\" \/>\n<meta property=\"og:locale\" content=\"en_US\" \/>\n<meta property=\"og:type\" content=\"article\" \/>\n<meta property=\"og:title\" content=\"Header - Auberge Bruine Oc\u00e9ane\" \/>\n<meta property=\"og:description\" content=\"info@bruineoceane.ca 418 560-6836 TIC TAC! R\u00e9server \u00e0 l&#8217;Auberge Bruine Oc\u00e9ane pour vivre une exp\u00e9rience unique pendant vos vacances estivales! Anglais Fran\u00e7ais Accueil Nos chambres \u00c0 propos Activit\u00e9s Promotions Nous joindre Accueil Nos chambres \u00c0 propos Activit\u00e9s Promotions Nous joindre BOOK NOW\" \/>\n<meta property=\"og:url\" content=\"https:\/\/bruineoceane.ca\/en\/header\/\" \/>\n<meta property=\"og:site_name\" content=\"Auberge Bruine Oc\u00e9ane\" \/>\n<meta property=\"article:publisher\" content=\"https:\/\/www.facebook.com\/BruineOceane\" \/>\n<meta property=\"article:modified_time\" content=\"2022-08-03T14:00:40+00:00\" \/>\n<meta property=\"og:image\" content=\"https:\/\/bruineoceane.ca\/wp-content\/uploads\/2022\/04\/auberge-bruine-oceane-logo-renverse.png\" \/>\n<meta name=\"twitter:card\" content=\"summary_large_image\" \/>\n<script type=\"application\/ld+json\" class=\"yoast-schema-graph\">{\"@context\":\"https:\/\/schema.org\",\"@graph\":[{\"@type\":\"WebSite\",\"@id\":\"https:\/\/bruineoceane.ca\/#website\",\"url\":\"https:\/\/bruineoceane.ca\/\",\"name\":\"Auberge Bruine Oc\u00e9ane\",\"description\":\"Le luxe chaleureux\",\"potentialAction\":[{\"@type\":\"SearchAction\",\"target\":{\"@type\":\"EntryPoint\",\"urlTemplate\":\"https:\/\/bruineoceane.ca\/?s={search_term_string}\"},\"query-input\":\"required name=search_term_string\"}],\"inLanguage\":\"en-US\"},{\"@type\":\"WebPage\",\"@id\":\"https:\/\/bruineoceane.ca\/en\/header\/\",\"url\":\"https:\/\/bruineoceane.ca\/en\/header\/\",\"name\":\"Header - Auberge Bruine Oc\u00e9ane\",\"isPartOf\":{\"@id\":\"https:\/\/bruineoceane.ca\/#website\"},\"datePublished\":\"2021-11-12T11:41:28+00:00\",\"dateModified\":\"2022-08-03T14:00:40+00:00\",\"breadcrumb\":{\"@id\":\"https:\/\/bruineoceane.ca\/en\/header\/#breadcrumb\"},\"inLanguage\":\"en-US\",\"potentialAction\":[{\"@type\":\"ReadAction\",\"target\":[\"https:\/\/bruineoceane.ca\/en\/header\/\"]}]},{\"@type\":\"BreadcrumbList\",\"@id\":\"https:\/\/bruineoceane.ca\/en\/header\/#breadcrumb\",\"itemListElement\":[{\"@type\":\"ListItem\",\"position\":1,\"name\":\"Accueil\",\"item\":\"https:\/\/bruineoceane.ca\/en\/home\/\"},{\"@type\":\"ListItem\",\"position\":2,\"name\":\"Header\"}]}]}<\/script>\n<!-- \/ Yoast SEO plugin. -->","yoast_head_json":{"title":"Header - Auberge Bruine Oc\u00e9ane","robots":{"index":"index","follow":"follow","max-snippet":"max-snippet:-1","max-image-preview":"max-image-preview:large","max-video-preview":"max-video-preview:-1"},"canonical":"https:\/\/bruineoceane.ca\/en\/header\/","og_locale":"en_US","og_type":"article","og_title":"Header - Auberge Bruine Oc\u00e9ane","og_description":"info@bruineoceane.ca 418 560-6836 TIC TAC! R\u00e9server \u00e0 l&#8217;Auberge Bruine Oc\u00e9ane pour vivre une exp\u00e9rience unique pendant vos vacances estivales! Anglais Fran\u00e7ais Accueil Nos chambres \u00c0 propos Activit\u00e9s Promotions Nous joindre Accueil Nos chambres \u00c0 propos Activit\u00e9s Promotions Nous joindre BOOK NOW","og_url":"https:\/\/bruineoceane.ca\/en\/header\/","og_site_name":"Auberge Bruine Oc\u00e9ane","article_publisher":"https:\/\/www.facebook.com\/BruineOceane","article_modified_time":"2022-08-03T14:00:40+00:00","og_image":[{"url":"https:\/\/bruineoceane.ca\/wp-content\/uploads\/2022\/04\/auberge-bruine-oceane-logo-renverse.png"}],"twitter_card":"summary_large_image","schema":{"@context":"https:\/\/schema.org","@graph":[{"@type":"WebSite","@id":"https:\/\/bruineoceane.ca\/#website","url":"https:\/\/bruineoceane.ca\/","name":"Auberge Bruine Oc\u00e9ane","description":"Le luxe chaleureux","potentialAction":[{"@type":"SearchAction","target":{"@type":"EntryPoint","urlTemplate":"https:\/\/bruineoceane.ca\/?s={search_term_string}"},"query-input":"required name=search_term_string"}],"inLanguage":"en-US"},{"@type":"WebPage","@id":"https:\/\/bruineoceane.ca\/en\/header\/","url":"https:\/\/bruineoceane.ca\/en\/header\/","name":"Header - Auberge Bruine Oc\u00e9ane","isPartOf":{"@id":"https:\/\/bruineoceane.ca\/#website"},"datePublished":"2021-11-12T11:41:28+00:00","dateModified":"2022-08-03T14:00:40+00:00","breadcrumb":{"@id":"https:\/\/bruineoceane.ca\/en\/header\/#breadcrumb"},"inLanguage":"en-US","potentialAction":[{"@type":"ReadAction","target":["https:\/\/bruineoceane.ca\/en\/header\/"]}]},{"@type":"BreadcrumbList","@id":"https:\/\/bruineoceane.ca\/en\/header\/#breadcrumb","itemListElement":[{"@type":"ListItem","position":1,"name":"Accueil","item":"https:\/\/bruineoceane.ca\/en\/home\/"},{"@type":"ListItem","position":2,"name":"Header"}]}]}},"_links":{"self":[{"href":"https:\/\/bruineoceane.ca\/en\/wp-json\/wp\/v2\/pages\/8731"}],"collection":[{"href":"https:\/\/bruineoceane.ca\/en\/wp-json\/wp\/v2\/pages"}],"about":[{"href":"https:\/\/bruineoceane.ca\/en\/wp-json\/wp\/v2\/types\/page"}],"author":[{"embeddable":true,"href":"https:\/\/bruineoceane.ca\/en\/wp-json\/wp\/v2\/users\/2"}],"replies":[{"embeddable":true,"href":"https:\/\/bruineoceane.ca\/en\/wp-json\/wp\/v2\/comments?post=8731"}],"version-history":[{"count":4,"href":"https:\/\/bruineoceane.ca\/en\/wp-json\/wp\/v2\/pages\/8731\/revisions"}],"predecessor-version":[{"id":8774,"href":"https:\/\/bruineoceane.ca\/en\/wp-json\/wp\/v2\/pages\/8731\/revisions\/8774"}],"wp:attachment":[{"href":"https:\/\/bruineoceane.ca\/en\/wp-json\/wp\/v2\/media?parent=8731"}],"curies":[{"name":"wp","href":"https:\/\/api.w.org\/{rel}","templated":true}]}}